{"id":85,"date":"2025-06-16T16:34:54","date_gmt":"2025-06-16T16:34:54","guid":{"rendered":"https:\/\/phongkhamhaimy.com\/?page_id=85"},"modified":"2025-06-16T16:47:51","modified_gmt":"2025-06-16T16:47:51","slug":"dich-vu-phong-kham","status":"publish","type":"page","link":"https:\/\/phongkhamhaimy.com\/?page_id=85","title":{"rendered":"d\u1ecbch v\u1ee5 ph\u00f2ng kh\u00e1m"},"content":{"rendered":"\n<h2 class=\"wp-block-heading\">Si\u00eau \u00e2m thai s\u1edbm<\/h2>\n\n\n\n<h2 class=\"wp-block-heading\">Si\u00eau \u00e2m Thai 5D<\/h2>\n\n\n\n<h2 class=\"wp-block-heading\">Si\u00eau \u00e2m b\u1ee5ng v\u00fa gi\u00e1p<\/h2>\n\n\n\n<h2 class=\"wp-block-heading\">H\u1ed7 tr\u1ee3 sinh s\u1ea3n<\/h2>\n\n\n\n<h2 class=\"wp-block-heading\">\u0110\u1eb7t v\u00f2ng tr\u00e1nh thai , c\u1ea5y que tr\u00e1nh thai<\/h2>\n","protected":false},"excerpt":{"rendered":"<p>Si\u00eau \u00e2m thai s\u1edbm Si\u00eau \u00e2m Thai 5D Si\u00eau \u00e2m b\u1ee5ng v\u00fa gi\u00e1p H\u1ed7 tr\u1ee3 sinh s\u1ea3n \u0110\u1eb7t v\u00f2ng tr\u00e1nh thai , c\u1ea5y que tr\u00e1nh thai<\/p>\n","protected":false},"author":1,"featured_media":0,"parent":0,"menu_order":0,"comment_status":"closed","ping_status":"closed","template":"","meta":{"footnotes":""},"class_list":["post-85","page","type-page","status-publish","hentry"],"_links":{"self":[{"href":"https:\/\/phongkhamhaimy.com\/index.php?rest_route=\/wp\/v2\/pages\/85","targetHints":{"allow":["GET"]}}],"collection":[{"href":"https:\/\/phongkhamhaimy.com\/index.php?rest_route=\/wp\/v2\/pages"}],"about":[{"href":"https:\/\/phongkhamhaimy.com\/index.php?rest_route=\/wp\/v2\/types\/page"}],"author":[{"embeddable":true,"href":"https:\/\/phongkhamhaimy.com\/index.php?rest_route=\/wp\/v2\/users\/1"}],"replies":[{"embeddable":true,"href":"https:\/\/phongkhamhaimy.com\/index.php?rest_route=%2Fwp%2Fv2%2Fcomments&post=85"}],"version-history":[{"count":3,"href":"https:\/\/phongkhamhaimy.com\/index.php?rest_route=\/wp\/v2\/pages\/85\/revisions"}],"predecessor-version":[{"id":96,"href":"https:\/\/phongkhamhaimy.com\/index.php?rest_route=\/wp\/v2\/pages\/85\/revisions\/96"}],"wp:attachment":[{"href":"https:\/\/phongkhamhaimy.com\/index.php?rest_route=%2Fwp%2Fv2%2Fmedia&parent=85"}],"curies":[{"name":"wp","href":"https:\/\/api.w.org\/{rel}","templated":true}]}}